{"id":508,"date":"2024-02-14T20:54:39","date_gmt":"2024-02-14T20:54:39","guid":{"rendered":"https:\/\/sokotest.com\/ofech\/?page_id=508"},"modified":"2024-02-22T05:20:09","modified_gmt":"2024-02-22T05:20:09","slug":"director","status":"publish","type":"page","link":"https:\/\/ofech.org\/en\/director\/","title":{"rendered":"Director"},"content":{"rendered":"<div data-elementor-type=\"wp-page\" data-elementor-id=\"508\" class=\"elementor elementor-508\">\n\t\t\t\t\t\t<section class=\"elementor-section elementor-top-section elementor-element elementor-element-21ae52b1 elementor-section-boxed elementor-section-height-default elementor-section-height-default wpr-particle-no wpr-jarallax-no wpr-parallax-no wpr-sticky-section-no\" data-id=\"21ae52b1\" data-element_type=\"section\" data-settings=\"{&quot;background_background&quot;:&quot;classic&quot;}\">\n\t\t\t\t\t\t\t<div class=\"elementor-background-overlay\"><\/div>\n\t\t\t\t\t\t\t<div class=\"elementor-container elementor-column-gap-no\">\n\t\t\t\t\t<div class=\"elementor-column elementor-col-100 elementor-top-column elementor-element elementor-element-35681777\" data-id=\"35681777\" data-element_type=\"column\">\n\t\t\t<div class=\"elementor-widget-wrap elementor-element-populated\">\n\t\t\t\t\t\t<div class=\"elementor-element elementor-element-690e2d03 elementor-widget elementor-widget-heading\" data-id=\"690e2d03\" data-element_type=\"widget\" data-widget_type=\"heading.default\">\n\t\t\t\t<div class=\"elementor-widget-container\">\n\t\t\t<style>\/*! elementor - v3.19.0 - 07-02-2024 *\/\n.elementor-heading-title{padding:0;margin:0;line-height:1}.elementor-widget-heading .elementor-heading-title[class*=elementor-size-]>a{color:inherit;font-size:inherit;line-height:inherit}.elementor-widget-heading .elementor-heading-title.elementor-size-small{font-size:15px}.elementor-widget-heading .elementor-heading-title.elementor-size-medium{font-size:19px}.elementor-widget-heading .elementor-heading-title.elementor-size-large{font-size:29px}.elementor-widget-heading .elementor-heading-title.elementor-size-xl{font-size:39px}.elementor-widget-heading .elementor-heading-title.elementor-size-xxl{font-size:59px}<\/style><h2 class=\"elementor-heading-title elementor-size-default\">DIRECTOR<\/h2>\t\t<\/div>\n\t\t\t\t<\/div>\n\t\t\t\t\t<\/div>\n\t\t<\/div>\n\t\t\t\t\t<\/div>\n\t\t<\/section>\n\t\t\t\t<section class=\"elementor-section elementor-top-section elementor-element elementor-element-36dd2eac elementor-section-boxed elementor-section-height-default elementor-section-height-default wpr-particle-no wpr-jarallax-no wpr-parallax-no wpr-sticky-section-no\" data-id=\"36dd2eac\" data-element_type=\"section\" data-settings=\"{&quot;background_background&quot;:&quot;classic&quot;}\">\n\t\t\t\t\t\t\t<div class=\"elementor-background-overlay\"><\/div>\n\t\t\t\t\t\t\t<div class=\"elementor-container elementor-column-gap-no\">\n\t\t\t\t\t<div class=\"elementor-column elementor-col-50 elementor-top-column elementor-element elementor-element-6c2a0467\" data-id=\"6c2a0467\" data-element_type=\"column\" data-settings=\"{&quot;background_background&quot;:&quot;classic&quot;}\">\n\t\t\t<div class=\"elementor-widget-wrap elementor-element-populated\">\n\t\t\t\t\t\t<div class=\"elementor-element elementor-element-15266da4 elementor-invisible elementor-widget elementor-widget-image\" data-id=\"15266da4\" data-element_type=\"widget\" data-settings=\"{&quot;_animation&quot;:&quot;fadeInLeft&quot;,&quot;_animation_delay&quot;:100}\" data-widget_type=\"image.default\">\n\t\t\t\t<div class=\"elementor-widget-container\">\n\t\t\t<style>\/*! elementor - v3.19.0 - 07-02-2024 *\/\n.elementor-widget-image{text-align:center}.elementor-widget-image a{display:inline-block}.elementor-widget-image a img[src$=\".svg\"]{width:48px}.elementor-widget-image img{vertical-align:middle;display:inline-block}<\/style>\t\t\t\t\t\t\t\t\t\t<img fetchpriority=\"high\" decoding=\"async\" width=\"853\" height=\"1280\" src=\"https:\/\/ofech.org\/wp-content\/uploads\/2024\/02\/IDP-2022-.jpeg\" class=\"attachment-full size-full wp-image-513\" alt=\"\" srcset=\"https:\/\/ofech.org\/wp-content\/uploads\/2024\/02\/IDP-2022-.jpeg 853w, https:\/\/ofech.org\/wp-content\/uploads\/2024\/02\/IDP-2022--200x300.jpeg 200w, https:\/\/ofech.org\/wp-content\/uploads\/2024\/02\/IDP-2022--682x1024.jpeg 682w, https:\/\/ofech.org\/wp-content\/uploads\/2024\/02\/IDP-2022--768x1152.jpeg 768w\" sizes=\"(max-width: 853px) 100vw, 853px\" \/>\t\t\t\t\t\t\t\t\t\t\t\t\t<\/div>\n\t\t\t\t<\/div>\n\t\t\t\t<div class=\"elementor-element elementor-element-30cc180c elementor-invisible elementor-widget elementor-widget-image\" data-id=\"30cc180c\" data-element_type=\"widget\" data-settings=\"{&quot;_animation&quot;:&quot;fadeInRight&quot;,&quot;_animation_delay&quot;:400}\" data-widget_type=\"image.default\">\n\t\t\t\t<div class=\"elementor-widget-container\">\n\t\t\t\t\t\t\t\t\t\t\t\t\t<img decoding=\"async\" width=\"1080\" height=\"720\" src=\"https:\/\/ofech.org\/wp-content\/uploads\/2024\/02\/IDP-2-1.jpg\" class=\"attachment-full size-full wp-image-512\" alt=\"\" srcset=\"https:\/\/ofech.org\/wp-content\/uploads\/2024\/02\/IDP-2-1.jpg 1080w, https:\/\/ofech.org\/wp-content\/uploads\/2024\/02\/IDP-2-1-300x200.jpg 300w, https:\/\/ofech.org\/wp-content\/uploads\/2024\/02\/IDP-2-1-1024x683.jpg 1024w, https:\/\/ofech.org\/wp-content\/uploads\/2024\/02\/IDP-2-1-768x512.jpg 768w\" sizes=\"(max-width: 1080px) 100vw, 1080px\" \/>\t\t\t\t\t\t\t\t\t\t\t\t\t<\/div>\n\t\t\t\t<\/div>\n\t\t\t\t\t<\/div>\n\t\t<\/div>\n\t\t\t\t<div class=\"elementor-column elementor-col-50 elementor-top-column elementor-element elementor-element-668d0a8b\" data-id=\"668d0a8b\" data-element_type=\"column\" data-settings=\"{&quot;background_background&quot;:&quot;classic&quot;}\">\n\t\t\t<div class=\"elementor-widget-wrap elementor-element-populated\">\n\t\t\t\t\t\t<div class=\"elementor-element elementor-element-3c15af39 elementor-widget elementor-widget-heading\" data-id=\"3c15af39\" data-element_type=\"widget\" data-widget_type=\"heading.default\">\n\t\t\t\t<div class=\"elementor-widget-container\">\n\t\t\t<h2 class=\"elementor-heading-title elementor-size-default\">Director<br>IVAN DEL PRADO<\/h2>\t\t<\/div>\n\t\t\t\t<\/div>\n\t\t\t\t<div class=\"elementor-element elementor-element-3dfc48bd elementor-widget elementor-widget-text-editor\" data-id=\"3dfc48bd\" data-element_type=\"widget\" data-widget_type=\"text-editor.default\">\n\t\t\t\t<div class=\"elementor-widget-container\">\n\t\t\t<style>\/*! elementor - v3.19.0 - 07-02-2024 *\/\n.elementor-widget-text-editor.elementor-drop-cap-view-stacked .elementor-drop-cap{background-color:#69727d;color:#fff}.elementor-widget-text-editor.elementor-drop-cap-view-framed .elementor-drop-cap{color:#69727d;border:3px solid;background-color:transparent}.elementor-widget-text-editor:not(.elementor-drop-cap-view-default) .elementor-drop-cap{margin-top:8px}.elementor-widget-text-editor:not(.elementor-drop-cap-view-default) .elementor-drop-cap-letter{width:1em;height:1em}.elementor-widget-text-editor .elementor-drop-cap{float:left;text-align:center;line-height:1;font-size:50px}.elementor-widget-text-editor .elementor-drop-cap-letter{display:inline-block}<\/style>\t\t\t\t<p><span style=\"font-weight: 400;\">Reconocido como uno de los m\u00e1s destacados directores de orquesta de Cuba y Am\u00e9rica Latina. Su repertorio es extenso y su versatilidad ha sido probada en la m\u00fasica sinf\u00f3nica, la \u00f3pera y el ballet. Catalogado por la cr\u00edtica como un director en\u00e9rgico y apasionado, Dr. del Prado es actualmente Director de la <\/span><i><span style=\"font-weight: 400;\">MSYO <\/span><\/i><span style=\"font-weight: 400;\">en Alabama y profesor adjunto y director asistente de <\/span><i><span style=\"font-weight: 400;\">The University of Southern Mississippi<\/span><\/i><span style=\"font-weight: 400;\">. Adem\u00e1s, es Director Art\u00edstico del festival internacional <\/span><i><span style=\"font-weight: 400;\">Premier Orchestral Institute <\/span><\/i><span style=\"font-weight: 400;\">que organiza la Orquesta Sinf\u00f3nica de Mississippi.<\/span><\/p><p>\u00a0<\/p><p><span style=\"font-weight: 400;\">Maestro del Prado ha sido director titular de la Orquesta Sinf\u00f3nica Nacional de Cuba, la Orquesta del Gran Teatro de La Habana, la Orquesta de Baja California y\u00a0 la Orquesta de C\u00e1mara de La Habana. Ha dirigido las m\u00e1s importantes agrupaciones sinf\u00f3nicas de Europa, Asia, Estados Unidos y Am\u00e9rica Latina entre las que se encuentran la <\/span><i><span style=\"font-weight: 400;\">Staatkapelle Berl\u00edn<\/span><\/i><span style=\"font-weight: 400;\">, la Orquesta Sinf\u00f3nica de la Comunidad de Madrid, La Orquesta Sinf\u00f3nica Nacional de Estados Unidos de Am\u00e9rica, <\/span><i><span style=\"font-weight: 400;\">Pacific Symphony Orchestra <\/span><\/i><span style=\"font-weight: 400;\">, Orquesta Sinf\u00f3nica Nacional de Costa Rica, Orquesta Sinf\u00f3nica de Mississippi, Filarm\u00f3nica de Gran Canaria, Sinf\u00f3nica Nacional de la Rep\u00fablica Dominicana, la Orquesta Sinf\u00f3nica de Virginia, Sinf\u00f3nica de la TV de Shangh\u00e1i, Sinf\u00f3nica del Ballet Central de Beijing, y la Orquesta Metropolitana de Lisboa. En M\u00e9xico ha sido invitado a dirigir las orquestas Filarm\u00f3nica de M\u00e9xico, OFUNAM, Orquesta Sinf\u00f3nica Nacional, Orquesta del Teatro de Bellas Artes, Orquesta Sinfonica de Xalapa y la Filarm\u00f3nica de Chihuahua. Esta es su primera presentaci\u00f3n al frente de la prestigiosa orquesta Sinf\u00f3nica de Aguascalientes. .<\/span><\/p><p>\u00a0<\/p><p><span style=\"font-weight: 400;\">En la l\u00edrica, Del Prado ha conducido diversas \u00f3peras, operetas y zarzuelas al frente de la \u00d3pera nacional de Cuba, la Asociaci\u00f3n Pro-L\u00edrica del Per\u00fa, la compa\u00f1\u00eda Teatro L\u00edrico \u201cRodrigo Prats\u201d y la Opera Nacional de M\u00e9xico. Ha dirigido a relevantes figuras como Jos\u00e9 Carreras, Luigi Alba y Victoria de los \u00c1ngeles. En su carrera de m\u00e1s de veinte a\u00f1os, se destaca su colaboraci\u00f3n con el Maestro Richard Bonynge y Daniel Barenboim en la <\/span><i><span style=\"font-weight: 400;\">Deutchstaatoper Berlin.<\/span><\/i><\/p><p>\u00a0<\/p><p><span style=\"font-weight: 400;\">Del Prado, quien naci\u00f3 en Cuba en la oriental ciudad de Holgu\u00edn, ostenta un Doctorado en Artes Musicales (DMA). Estudi\u00f3 viol\u00edn y viola y obtuvo su licenciatura en direcci\u00f3n orquestal <\/span><i><span style=\"font-weight: 400;\">Summa Cum Laude <\/span><\/i><span style=\"font-weight: 400;\">del Instituto Superior de Arte de La Habana. Como estudiante fue director titular de la Orquesta de C\u00e1mara del Instituto Superior de Arte y fund\u00f3, junto al maestro Leo Brouwer, el movimiento de orquestas sinf\u00f3nicas juveniles de Cuba. Ostenta la Distinci\u00f3n por la Cultura Nacional, uno de los m\u00e1s altos honores conferidos a relevantes personalidades del mundo cultural en Cuba<\/span><\/p><p>\u00a0<\/p><p><span style=\"font-weight: 400;\">Actualmente es director art\u00edstico y musical de la Orquesta Filarm\u00f3nica del Estado de Chihuahua, cargo que ha desempe\u00f1ado desde el 2020.<\/span><\/p>\t\t\t\t\t\t<\/div>\n\t\t\t\t<\/div>\n\t\t\t\t\t<\/div>\n\t\t<\/div>\n\t\t\t\t\t<\/div>\n\t\t<\/section>\n\t\t\t\t<\/div>","protected":false},"excerpt":{"rendered":"<p>DIRECTOR DirectorIVAN DEL PRADO Reconocido como uno de los m\u00e1s destacados directores de orquesta de Cuba y Am\u00e9rica Latina. Su repertorio es extenso y su versatilidad ha sido probada en la m\u00fasica sinf\u00f3nica, la \u00f3pera y el ballet. Catalogado por la cr\u00edtica como un director en\u00e9rgico y apasionado, Dr. del Prado es actualmente Director de [&hellip;]<\/p>","protected":false},"author":3,"featured_media":0,"parent":0,"menu_order":0,"comment_status":"closed","ping_status":"closed","template":"elementor_canvas","meta":{"footnotes":""},"class_list":["post-508","page","type-page","status-publish","hentry"],"_links":{"self":[{"href":"https:\/\/ofech.org\/en\/wp-json\/wp\/v2\/pages\/508","targetHints":{"allow":["GET"]}}],"collection":[{"href":"https:\/\/ofech.org\/en\/wp-json\/wp\/v2\/pages"}],"about":[{"href":"https:\/\/ofech.org\/en\/wp-json\/wp\/v2\/types\/page"}],"author":[{"embeddable":true,"href":"https:\/\/ofech.org\/en\/wp-json\/wp\/v2\/users\/3"}],"replies":[{"embeddable":true,"href":"https:\/\/ofech.org\/en\/wp-json\/wp\/v2\/comments?post=508"}],"version-history":[{"count":7,"href":"https:\/\/ofech.org\/en\/wp-json\/wp\/v2\/pages\/508\/revisions"}],"predecessor-version":[{"id":770,"href":"https:\/\/ofech.org\/en\/wp-json\/wp\/v2\/pages\/508\/revisions\/770"}],"wp:attachment":[{"href":"https:\/\/ofech.org\/en\/wp-json\/wp\/v2\/media?parent=508"}],"curies":[{"name":"wp","href":"https:\/\/api.w.org\/{rel}","templated":true}]}}