{"id":583,"date":"2024-02-15T18:05:43","date_gmt":"2024-02-15T18:05:43","guid":{"rendered":"https:\/\/sokotest.com\/ofech\/?page_id=583"},"modified":"2024-02-22T05:22:48","modified_gmt":"2024-02-22T05:22:48","slug":"historia","status":"publish","type":"page","link":"https:\/\/ofech.org\/en\/historia\/","title":{"rendered":"History"},"content":{"rendered":"<div data-elementor-type=\"wp-page\" data-elementor-id=\"583\" class=\"elementor elementor-583\">\n\t\t\t\t\t\t<section class=\"elementor-section elementor-top-section elementor-element elementor-element-5ceace2 elementor-section-boxed elementor-section-height-default elementor-section-height-default wpr-particle-no wpr-jarallax-no wpr-parallax-no wpr-sticky-section-no\" data-id=\"5ceace2\" data-element_type=\"section\" data-settings=\"{&quot;background_background&quot;:&quot;classic&quot;}\">\n\t\t\t\t\t\t\t<div class=\"elementor-background-overlay\"><\/div>\n\t\t\t\t\t\t\t<div class=\"elementor-container elementor-column-gap-no\">\n\t\t\t\t\t<div class=\"elementor-column elementor-col-100 elementor-top-column elementor-element elementor-element-647fdf6\" data-id=\"647fdf6\" data-element_type=\"column\">\n\t\t\t<div class=\"elementor-widget-wrap elementor-element-populated\">\n\t\t\t\t\t\t<div class=\"elementor-element elementor-element-f71b139 elementor-widget elementor-widget-heading\" data-id=\"f71b139\" data-element_type=\"widget\" data-widget_type=\"heading.default\">\n\t\t\t\t<div class=\"elementor-widget-container\">\n\t\t\t<style>\/*! elementor - v3.19.0 - 07-02-2024 *\/\n.elementor-heading-title{padding:0;margin:0;line-height:1}.elementor-widget-heading .elementor-heading-title[class*=elementor-size-]>a{color:inherit;font-size:inherit;line-height:inherit}.elementor-widget-heading .elementor-heading-title.elementor-size-small{font-size:15px}.elementor-widget-heading .elementor-heading-title.elementor-size-medium{font-size:19px}.elementor-widget-heading .elementor-heading-title.elementor-size-large{font-size:29px}.elementor-widget-heading .elementor-heading-title.elementor-size-xl{font-size:39px}.elementor-widget-heading .elementor-heading-title.elementor-size-xxl{font-size:59px}<\/style><h2 class=\"elementor-heading-title elementor-size-default\"> ORQUESTA FILARM\u00d3NICA DEL ESTADO DE CHIHUAHUA\n<\/h2>\t\t<\/div>\n\t\t\t\t<\/div>\n\t\t\t\t\t<\/div>\n\t\t<\/div>\n\t\t\t\t\t<\/div>\n\t\t<\/section>\n\t\t\t\t<section class=\"elementor-section elementor-top-section elementor-element elementor-element-dbf9b1c elementor-section-boxed elementor-section-height-default elementor-section-height-default wpr-particle-no wpr-jarallax-no wpr-parallax-no wpr-sticky-section-no\" data-id=\"dbf9b1c\" data-element_type=\"section\" data-settings=\"{&quot;background_background&quot;:&quot;classic&quot;}\">\n\t\t\t\t\t\t\t<div class=\"elementor-background-overlay\"><\/div>\n\t\t\t\t\t\t\t<div class=\"elementor-container elementor-column-gap-no\">\n\t\t\t\t\t<div class=\"elementor-column elementor-col-50 elementor-top-column elementor-element elementor-element-2ea3fc7\" data-id=\"2ea3fc7\" data-element_type=\"column\" data-settings=\"{&quot;background_background&quot;:&quot;classic&quot;}\">\n\t\t\t<div class=\"elementor-widget-wrap elementor-element-populated\">\n\t\t\t\t\t\t<div class=\"elementor-element elementor-element-cb5fb47 elementor-invisible elementor-widget elementor-widget-image\" data-id=\"cb5fb47\" data-element_type=\"widget\" data-settings=\"{&quot;_animation&quot;:&quot;fadeInLeft&quot;,&quot;_animation_delay&quot;:100}\" data-widget_type=\"image.default\">\n\t\t\t\t<div class=\"elementor-widget-container\">\n\t\t\t<style>\/*! elementor - v3.19.0 - 07-02-2024 *\/\n.elementor-widget-image{text-align:center}.elementor-widget-image a{display:inline-block}.elementor-widget-image a img[src$=\".svg\"]{width:48px}.elementor-widget-image img{vertical-align:middle;display:inline-block}<\/style>\t\t\t\t\t\t\t\t\t\t<img fetchpriority=\"high\" decoding=\"async\" width=\"2560\" height=\"1707\" src=\"https:\/\/ofech.org\/wp-content\/uploads\/2024\/02\/IMG_24961-2_edited-scaled.jpg\" class=\"attachment-full size-full wp-image-412\" alt=\"\" srcset=\"https:\/\/ofech.org\/wp-content\/uploads\/2024\/02\/IMG_24961-2_edited-scaled.jpg 2560w, https:\/\/ofech.org\/wp-content\/uploads\/2024\/02\/IMG_24961-2_edited-300x200.jpg 300w, https:\/\/ofech.org\/wp-content\/uploads\/2024\/02\/IMG_24961-2_edited-1024x683.jpg 1024w, https:\/\/ofech.org\/wp-content\/uploads\/2024\/02\/IMG_24961-2_edited-768x512.jpg 768w, https:\/\/ofech.org\/wp-content\/uploads\/2024\/02\/IMG_24961-2_edited-1536x1024.jpg 1536w, https:\/\/ofech.org\/wp-content\/uploads\/2024\/02\/IMG_24961-2_edited-2048x1365.jpg 2048w\" sizes=\"(max-width: 2560px) 100vw, 2560px\" \/>\t\t\t\t\t\t\t\t\t\t\t\t\t<\/div>\n\t\t\t\t<\/div>\n\t\t\t\t<div class=\"elementor-element elementor-element-5a8f3d7 elementor-invisible elementor-widget elementor-widget-image\" data-id=\"5a8f3d7\" data-element_type=\"widget\" data-settings=\"{&quot;_animation&quot;:&quot;fadeInRight&quot;,&quot;_animation_delay&quot;:400}\" data-widget_type=\"image.default\">\n\t\t\t\t<div class=\"elementor-widget-container\">\n\t\t\t\t\t\t\t\t\t\t\t\t\t<img decoding=\"async\" width=\"2560\" height=\"1920\" src=\"https:\/\/ofech.org\/wp-content\/uploads\/2024\/02\/IMG_20210626_214955-1-scaled.jpg\" class=\"attachment-full size-full wp-image-413\" alt=\"\" srcset=\"https:\/\/ofech.org\/wp-content\/uploads\/2024\/02\/IMG_20210626_214955-1-scaled.jpg 2560w, https:\/\/ofech.org\/wp-content\/uploads\/2024\/02\/IMG_20210626_214955-1-300x225.jpg 300w, https:\/\/ofech.org\/wp-content\/uploads\/2024\/02\/IMG_20210626_214955-1-1024x768.jpg 1024w, https:\/\/ofech.org\/wp-content\/uploads\/2024\/02\/IMG_20210626_214955-1-768x576.jpg 768w, https:\/\/ofech.org\/wp-content\/uploads\/2024\/02\/IMG_20210626_214955-1-1536x1152.jpg 1536w, https:\/\/ofech.org\/wp-content\/uploads\/2024\/02\/IMG_20210626_214955-1-2048x1536.jpg 2048w\" sizes=\"(max-width: 2560px) 100vw, 2560px\" \/>\t\t\t\t\t\t\t\t\t\t\t\t\t<\/div>\n\t\t\t\t<\/div>\n\t\t\t\t\t<\/div>\n\t\t<\/div>\n\t\t\t\t<div class=\"elementor-column elementor-col-50 elementor-top-column elementor-element elementor-element-505add8\" data-id=\"505add8\" data-element_type=\"column\" data-settings=\"{&quot;background_background&quot;:&quot;classic&quot;}\">\n\t\t\t<div class=\"elementor-widget-wrap elementor-element-populated\">\n\t\t\t\t\t\t<div class=\"elementor-element elementor-element-976a053 elementor-widget elementor-widget-heading\" data-id=\"976a053\" data-element_type=\"widget\" data-widget_type=\"heading.default\">\n\t\t\t\t<div class=\"elementor-widget-container\">\n\t\t\t<h2 class=\"elementor-heading-title elementor-size-default\">Nuestra historia<\/h2>\t\t<\/div>\n\t\t\t\t<\/div>\n\t\t\t\t<div class=\"elementor-element elementor-element-c847861 elementor-widget elementor-widget-text-editor\" data-id=\"c847861\" data-element_type=\"widget\" data-widget_type=\"text-editor.default\">\n\t\t\t\t<div class=\"elementor-widget-container\">\n\t\t\t<style>\/*! elementor - v3.19.0 - 07-02-2024 *\/\n.elementor-widget-text-editor.elementor-drop-cap-view-stacked .elementor-drop-cap{background-color:#69727d;color:#fff}.elementor-widget-text-editor.elementor-drop-cap-view-framed .elementor-drop-cap{color:#69727d;border:3px solid;background-color:transparent}.elementor-widget-text-editor:not(.elementor-drop-cap-view-default) .elementor-drop-cap{margin-top:8px}.elementor-widget-text-editor:not(.elementor-drop-cap-view-default) .elementor-drop-cap-letter{width:1em;height:1em}.elementor-widget-text-editor .elementor-drop-cap{float:left;text-align:center;line-height:1;font-size:50px}.elementor-widget-text-editor .elementor-drop-cap-letter{display:inline-block}<\/style>\t\t\t\t<p><span style=\"font-weight: 400;\">En julio de 1994, los deseos de la comunidad chihuahuense, por disfrutar de modo permanente de las m\u00e1s altas expresiones de la cultura musical, cristalizaron en la creaci\u00f3n de un conjunto sinf\u00f3nico oficial: la Orquesta Filarm\u00f3nica del Estado de Chihuahua (OFECH). Su primer director fue el maestro Carlos Garc\u00eda Ruiz; el segundo director fue el maestro Jacob Chi (de origen chino), quien le aport\u00f3 a esta instituci\u00f3n musical nuevos horizontes a su proyecci\u00f3n y musicalidad.<\/span><\/p><p><span style=\"font-weight: 400;\">\u00a0A partir del verano de 2007 asume la responsabilidad el maestro Armando Pesqueira, quien con dinamismo y gran sentido de compromiso asumi\u00f3 la actual direcci\u00f3n art\u00edstica y musical. A inicios del 2019 se lanza una convocatoria a nivel internacional para seleccionar al nuevo director de la OFECH, quedando el Mtro. Iv\u00e1n del Prado como el titular, a la fecha ha volcado la interpretaci\u00f3n de la m\u00fasica, y ha llevado al nivel m\u00e1s alto la ejecuci\u00f3n instrumental de los m\u00fasicos.\u00a0<\/span><\/p><p><span style=\"font-weight: 400;\">El Gobierno del Estado de Chihuahua auspici\u00f3 este proyecto cultural que demand\u00f3 la sociedad chihuahuense y que hoy constituye un leg\u00edtimo timbre de orgullo y legado. La Orquesta recibi\u00f3 el nombre de Filarm\u00f3nica, atendiendo a la etimolog\u00eda de la palabra: \u201camigos de la armon\u00eda\u201d; esto es, los que gustan, aprecian del arte musical y contribuyen a su sostenimiento y proyecci\u00f3n. La Orquesta Filarm\u00f3nica del Estado de Chihuahua se integr\u00f3 por m\u00fasicos originarios del estado de Chihuahua, pero tambi\u00e9n oriundos del resto de la Rep\u00fablica Mexicana y extranjeros, especialmente europeos, con la finalidad de crear una escuela de m\u00fasicos y elevar tanto la calidad musical como su sonido orquestal. A partir de su concierto inaugural, la OFECH ha ofrecido programas diversos en cada una de sus presentaciones, incluyendo e invitando a solistas y directores de orquesta de talla internacional.<\/span><\/p>\t\t\t\t\t\t<\/div>\n\t\t\t\t<\/div>\n\t\t\t\t\t<\/div>\n\t\t<\/div>\n\t\t\t\t\t<\/div>\n\t\t<\/section>\n\t\t<div class=\"elementor-element elementor-element-4cf8c32 e-flex e-con-boxed wpr-particle-no wpr-jarallax-no wpr-parallax-no wpr-sticky-section-no e-con e-parent\" data-id=\"4cf8c32\" data-element_type=\"container\" data-settings=\"{&quot;content_width&quot;:&quot;boxed&quot;}\" data-core-v316-plus=\"true\">\n\t\t\t\t\t<div class=\"e-con-inner\">\n\t\t<div class=\"elementor-element elementor-element-4b5f03f e-con-full e-flex wpr-particle-no wpr-jarallax-no wpr-parallax-no wpr-sticky-section-no e-con e-child\" data-id=\"4b5f03f\" data-element_type=\"container\" data-settings=\"{&quot;content_width&quot;:&quot;full&quot;}\">\n\t\t\t\t<div class=\"elementor-element elementor-element-51c6e02 elementor-widget elementor-widget-text-editor\" data-id=\"51c6e02\" data-element_type=\"widget\" data-widget_type=\"text-editor.default\">\n\t\t\t\t<div class=\"elementor-widget-container\">\n\t\t\t\t\t\t\t<p><span style=\"font-weight: 400;\">La OFECH ha forjado una vasta oferta musical que incluye adem\u00e1s de los tradicionales conciertos, galas de \u00f3pera, conciertos conferencia, \u00f3peras concierto, conciertos did\u00e1cticos infantiles y de m\u00fasica mexicana; ocupando un lugar especial los montajes de las \u00f3peras \u201cEl Barbero de Sevilla\u201c, \u201cLa Traviata\u201c, \u201cLa Boh\u00e9me\u201c, \u201cMadame Butterfly\u201c, \u201cEl\u00edxir de Amor\u201c, \u201cRigoletto\u201c, \u201cPagliacci\u201c, \u201cLuisa Fernanda\u201c, \u201cTosca\u201c y \u201cUn tranv\u00eda llamado deseo\u201d, entre otras. <\/span><\/p><p><span style=\"font-weight: 400;\">Muchas de ellas presentadas en coproducci\u00f3n con la Compa\u00f1\u00eda Nacional de \u00d3pera del INBA y el apoyo FONCA. Presentaciones dentro fuera del Estado en plazas como Torre\u00f3n, Coahuila y Hermosillo, Sonora, as\u00ed como en El Paso, Texas, y Nuevo M\u00e9xico, en Estados Unidos, la posicionan como una de las orquestas m\u00e1s importantes en el norte del pa\u00eds. <\/span><\/p><p><span style=\"font-weight: 400;\">Algunos de los artistas internacionales que se han presentado con la Filarm\u00f3nica de Chihuahua han sido: Valery Oistrakh, Andrejz Grabiec, Timothy Hester, Alexander Markovich, Rolando Villaz\u00f3n, Jos\u00e9 Carreras, Placido Domingo,\u00a0 Cesar Olgu\u00edn, Alejandro Drago y Jorge Luis Prats, entre otros; gracias a ello, la Orquesta ha podido adquirir un amplio repertorio y el p\u00fablico de la ciudad de Chihuahua ha disfrutado de excelentes eventos.<\/span><\/p><p><span style=\"font-weight: 400;\">Hoy en d\u00eda la OFECH se encuentra en una etapa de crecimiento que sigue enriqueci\u00e9ndose para ofrecer calidad a la comunidad chihuahuense.<\/span><\/p>\t\t\t\t\t\t<\/div>\n\t\t\t\t<\/div>\n\t\t\t\t<\/div>\n\t\t<div class=\"elementor-element elementor-element-f615269 e-con-full e-flex wpr-particle-no wpr-jarallax-no wpr-parallax-no wpr-sticky-section-no e-con e-child\" data-id=\"f615269\" data-element_type=\"container\" data-settings=\"{&quot;content_width&quot;:&quot;full&quot;}\">\n\t\t\t\t<div class=\"elementor-element elementor-element-c028692 elementor-widget elementor-widget-image\" data-id=\"c028692\" data-element_type=\"widget\" data-widget_type=\"image.default\">\n\t\t\t\t<div class=\"elementor-widget-container\">\n\t\t\t\t\t\t\t\t\t\t\t\t\t<img decoding=\"async\" width=\"2560\" height=\"1707\" src=\"https:\/\/ofech.org\/wp-content\/uploads\/2024\/02\/IMG_3215-scaled.jpg\" class=\"attachment-full size-full wp-image-414\" alt=\"\" srcset=\"https:\/\/ofech.org\/wp-content\/uploads\/2024\/02\/IMG_3215-scaled.jpg 2560w, https:\/\/ofech.org\/wp-content\/uploads\/2024\/02\/IMG_3215-300x200.jpg 300w, https:\/\/ofech.org\/wp-content\/uploads\/2024\/02\/IMG_3215-1024x683.jpg 1024w, https:\/\/ofech.org\/wp-content\/uploads\/2024\/02\/IMG_3215-768x512.jpg 768w, https:\/\/ofech.org\/wp-content\/uploads\/2024\/02\/IMG_3215-1536x1024.jpg 1536w, https:\/\/ofech.org\/wp-content\/uploads\/2024\/02\/IMG_3215-2048x1365.jpg 2048w\" sizes=\"(max-width: 2560px) 100vw, 2560px\" \/>\t\t\t\t\t\t\t\t\t\t\t\t\t<\/div>\n\t\t\t\t<\/div>\n\t\t\t\t<\/div>\n\t\t\t\t\t<\/div>\n\t\t\t\t<\/div>\n\t\t\t\t<section class=\"elementor-section elementor-top-section elementor-element elementor-element-a2bfb03 elementor-section-boxed elementor-section-height-default elementor-section-height-default wpr-particle-no wpr-jarallax-no wpr-parallax-no wpr-sticky-section-no\" data-id=\"a2bfb03\" data-element_type=\"section\" data-settings=\"{&quot;background_background&quot;:&quot;classic&quot;}\">\n\t\t\t\t\t\t\t<div class=\"elementor-background-overlay\"><\/div>\n\t\t\t\t\t\t\t<div class=\"elementor-container elementor-column-gap-no\">\n\t\t\t\t\t<div class=\"elementor-column elementor-col-100 elementor-top-column elementor-element elementor-element-a47f287\" data-id=\"a47f287\" data-element_type=\"column\">\n\t\t\t<div class=\"elementor-widget-wrap elementor-element-populated\">\n\t\t\t\t\t\t<div class=\"elementor-element elementor-element-6a5126d elementor-widget elementor-widget-image\" data-id=\"6a5126d\" data-element_type=\"widget\" data-widget_type=\"image.default\">\n\t\t\t\t<div class=\"elementor-widget-container\">\n\t\t\t\t\t\t\t\t\t\t\t\t\t<img loading=\"lazy\" decoding=\"async\" width=\"562\" height=\"479\" src=\"https:\/\/ofech.org\/wp-content\/uploads\/2024\/02\/quote-whitee@2x.png\" class=\"attachment-full size-full wp-image-82\" alt=\"\" srcset=\"https:\/\/ofech.org\/wp-content\/uploads\/2024\/02\/quote-whitee@2x.png 562w, https:\/\/ofech.org\/wp-content\/uploads\/2024\/02\/quote-whitee@2x-300x256.png 300w\" sizes=\"(max-width: 562px) 100vw, 562px\" \/>\t\t\t\t\t\t\t\t\t\t\t\t\t<\/div>\n\t\t\t\t<\/div>\n\t\t\t\t<div class=\"elementor-element elementor-element-51bda33 elementor-widget elementor-widget-text-editor\" data-id=\"51bda33\" data-element_type=\"widget\" data-widget_type=\"text-editor.default\">\n\t\t\t\t<div class=\"elementor-widget-container\">\n\t\t\t\t\t\t\t<div class=\"w-full text-token-text-primary\" data-testid=\"conversation-turn-3\"><div class=\"px-4 py-2 justify-center text-base md:gap-6 m-auto\"><div class=\"flex flex-1 text-base mx-auto gap-3 md:px-5 lg:px-1 xl:px-5 md:max-w-3xl lg:max-w-[40rem] xl:max-w-[48rem] group final-completion\"><div class=\"relative flex w-full flex-col agent-turn\"><div class=\"flex-col gap-1 md:gap-3\"><div class=\"flex flex-grow flex-col max-w-full\"><div class=\"min-h-[20px] text-message flex flex-col items-start gap-3 whitespace-pre-wrap break-words [.text-message+&amp;]:mt-5 overflow-x-auto\" data-message-author-role=\"assistant\" data-message-id=\"a766423f-9c69-4b85-be83-21e9836c570b\"><div class=\"markdown prose w-full break-words dark:prose-invert dark\"><p>\u00abLa Orquesta Filarm\u00f3nica del Estado de Chihuahua, un legado de armon\u00eda y excelencia musical que trasciende fronteras y enriquece el alma de quienes tienen el privilegio de escucharla.\u00bb<\/p><\/div><\/div><\/div><\/div><\/div><\/div><\/div><\/div>\t\t\t\t\t\t<\/div>\n\t\t\t\t<\/div>\n\t\t\t\t<div class=\"elementor-element elementor-element-2ffc9a2 elementor-widget elementor-widget-text-editor\" data-id=\"2ffc9a2\" data-element_type=\"widget\" data-widget_type=\"text-editor.default\">\n\t\t\t\t<div class=\"elementor-widget-container\">\n\t\t\t\t\t\t\t<p>&#8211; Orquesta Filarm\u00f3nica del Estado de Chihuahua &#8211;<\/p>\t\t\t\t\t\t<\/div>\n\t\t\t\t<\/div>\n\t\t\t\t\t<\/div>\n\t\t<\/div>\n\t\t\t\t\t<\/div>\n\t\t<\/section>\n\t\t\t\t<\/div>","protected":false},"excerpt":{"rendered":"<p>ORQUESTA FILARM\u00d3NICA DEL ESTADO DE CHIHUAHUA Nuestra historia En julio de 1994, los deseos de la comunidad chihuahuense, por disfrutar de modo permanente de las m\u00e1s altas expresiones de la cultura musical, cristalizaron en la creaci\u00f3n de un conjunto sinf\u00f3nico oficial: la Orquesta Filarm\u00f3nica del Estado de Chihuahua (OFECH). Su primer director fue el maestro [&hellip;]<\/p>","protected":false},"author":3,"featured_media":0,"parent":0,"menu_order":0,"comment_status":"closed","ping_status":"closed","template":"elementor_canvas","meta":{"footnotes":""},"class_list":["post-583","page","type-page","status-publish","hentry"],"_links":{"self":[{"href":"https:\/\/ofech.org\/en\/wp-json\/wp\/v2\/pages\/583","targetHints":{"allow":["GET"]}}],"collection":[{"href":"https:\/\/ofech.org\/en\/wp-json\/wp\/v2\/pages"}],"about":[{"href":"https:\/\/ofech.org\/en\/wp-json\/wp\/v2\/types\/page"}],"author":[{"embeddable":true,"href":"https:\/\/ofech.org\/en\/wp-json\/wp\/v2\/users\/3"}],"replies":[{"embeddable":true,"href":"https:\/\/ofech.org\/en\/wp-json\/wp\/v2\/comments?post=583"}],"version-history":[{"count":6,"href":"https:\/\/ofech.org\/en\/wp-json\/wp\/v2\/pages\/583\/revisions"}],"predecessor-version":[{"id":773,"href":"https:\/\/ofech.org\/en\/wp-json\/wp\/v2\/pages\/583\/revisions\/773"}],"wp:attachment":[{"href":"https:\/\/ofech.org\/en\/wp-json\/wp\/v2\/media?parent=583"}],"curies":[{"name":"wp","href":"https:\/\/api.w.org\/{rel}","templated":true}]}}